{"id":1045,"date":"2024-03-02T07:04:25","date_gmt":"2024-03-02T06:04:25","guid":{"rendered":"https:\/\/feredasolutions.com\/?page_id=1045"},"modified":"2024-03-02T07:12:20","modified_gmt":"2024-03-02T06:12:20","slug":"blog","status":"publish","type":"page","link":"https:\/\/feredasolutions.com\/en\/blog\/","title":{"rendered":"Blog"},"content":{"rendered":"<div data-elementor-type=\"wp-page\" data-elementor-id=\"1045\" class=\"elementor elementor-1045\" data-elementor-post-type=\"page\">\n\t\t\t\t\t\t<div class=\"elementor-section elementor-top-section elementor-element elementor-element-53ade62b elementor-section-boxed elementor-section-height-default elementor-section-height-default\" data-id=\"53ade62b\" data-element_type=\"section\" data-settings=\"{&quot;background_background&quot;:&quot;gradient&quot;}\">\n\t\t\t\t\t\t<div class=\"elementor-container elementor-column-gap-no\">\n\t\t\t\t\t<div class=\"elementor-column elementor-col-100 elementor-top-column elementor-element elementor-element-16a86a3b\" data-id=\"16a86a3b\" data-element_type=\"column\">\n\t\t\t<div class=\"elementor-widget-wrap elementor-element-populated\">\n\t\t\t\t\t\t<section class=\"elementor-section elementor-inner-section elementor-element elementor-element-2f60a245 elementor-section-boxed elementor-section-height-default elementor-section-height-default\" data-id=\"2f60a245\" data-element_type=\"section\">\n\t\t\t\t\t\t<div class=\"elementor-container elementor-column-gap-default\">\n\t\t\t\t\t<div class=\"elementor-column elementor-col-100 elementor-inner-column elementor-element elementor-element-73dbd18c\" data-id=\"73dbd18c\" data-element_type=\"column\">\n\t\t\t<div class=\"elementor-widget-wrap elementor-element-populated\">\n\t\t\t\t\t\t<div class=\"elementor-element elementor-element-19dfd787 elementor-widget elementor-widget-heading\" data-id=\"19dfd787\" data-element_type=\"widget\" data-widget_type=\"heading.default\">\n\t\t\t\t<div class=\"elementor-widget-container\">\n\t\t\t<style>\/*! elementor - v3.19.0 - 28-02-2024 *\/\n.elementor-heading-title{padding:0;margin:0;line-height:1}.elementor-widget-heading .elementor-heading-title[class*=elementor-size-]>a{color:inherit;font-size:inherit;line-height:inherit}.elementor-widget-heading .elementor-heading-title.elementor-size-small{font-size:15px}.elementor-widget-heading .elementor-heading-title.elementor-size-medium{font-size:19px}.elementor-widget-heading .elementor-heading-title.elementor-size-large{font-size:29px}.elementor-widget-heading .elementor-heading-title.elementor-size-xl{font-size:39px}.elementor-widget-heading .elementor-heading-title.elementor-size-xxl{font-size:59px}<\/style><h2 class=\"elementor-heading-title elementor-size-default\">Latest Articles <\/h2>\t\t<\/div>\n\t\t\t\t<\/div>\n\t\t\t\t<div class=\"elementor-element elementor-element-7a4223e7 elementor-widget elementor-widget-text-editor\" data-id=\"7a4223e7\" data-element_type=\"widget\" data-widget_type=\"text-editor.default\">\n\t\t\t\t<div class=\"elementor-widget-container\">\n\t\t\t<style>\/*! elementor - v3.19.0 - 28-02-2024 *\/\n.elementor-widget-text-editor.elementor-drop-cap-view-stacked .elementor-drop-cap{background-color:#69727d;color:#fff}.elementor-widget-text-editor.elementor-drop-cap-view-framed .elementor-drop-cap{color:#69727d;border:3px solid;background-color:transparent}.elementor-widget-text-editor:not(.elementor-drop-cap-view-default) .elementor-drop-cap{margin-top:8px}.elementor-widget-text-editor:not(.elementor-drop-cap-view-default) .elementor-drop-cap-letter{width:1em;height:1em}.elementor-widget-text-editor .elementor-drop-cap{float:left;text-align:center;line-height:1;font-size:50px}.elementor-widget-text-editor .elementor-drop-cap-letter{display:inline-block}<\/style>\t\t\t\t<p>To be updated on the latest customs trends. To know the Incoterms regulations. To get the most out of every transport, every trend, every shipment. Find out the latest international trade news with useful content from our best team of professionals.\u00a0<\/p>\t\t\t\t\t\t<\/div>\n\t\t\t\t<\/div>\n\t\t\t\t\t<\/div>\n\t\t<\/div>\n\t\t\t\t\t<\/div>\n\t\t<\/section>\n\t\t\t\t<div class=\"elementor-element elementor-element-7f59e941 ui-e-apg-classic ui-e-post-ovf-no ui-e-img-anim-zoom elementor-widget elementor-widget-uicore-advanced-post-grid\" data-id=\"7f59e941\" data-element_type=\"widget\" data-settings=\"{&quot;masonry&quot;:&quot;no&quot;}\" data-widget_type=\"uicore-advanced-post-grid.default\">\n\t\t\t\t<div class=\"elementor-widget-container\">\n\t\t\t        <div class=\"ui-e-adv-grid\">\r\n                <div class=\"ui-e-post-item\">\r\n            <article class=\"post-785 post type-post status-publish format-standard has-post-thumbnail hentry category-blog\" >\r\n                <div class=\"ui-e-post-top\">\r\n                            <a class=\"ui-e-post-img-wrapp\" href=\"https:\/\/feredasolutions.com\/en\/una-guia-completa-sobre-los-incoterms-mas-utilizados\/\" title=\"View Post:Una Gu\u00eda Completa sobre los Incoterms m\u00e1s Utilizados\">\r\n                        <div class=\"ui-e-post-img\" style=\"background-image:url(https:\/\/feredasolutions.com\/wp-content\/uploads\/2024\/03\/Incoterms-1.jpg)\" ><\/div>\r\n                    <\/a>\r\n                                            <\/div>\r\n                <div class=\"ui-e-post-content\">\r\n                    <div class=\"ui-e-post-meta ui-e-before_title\"><div class=\"ui-e-meta-item\"><span aria-hidden=\"true\" class=\"ui-e-meta-icon ti ti-arrow-down\"><\/span><\/div><\/div>                            <a href=\"https:\/\/feredasolutions.com\/en\/una-guia-completa-sobre-los-incoterms-mas-utilizados\/\" title=\"View Post:Una Gu\u00eda Completa sobre los Incoterms m\u00e1s Utilizados\">\r\n            <h4 class=\"ui-e-post-title\"><span>Una Gu\u00eda Completa sobre los Incoterms m\u00e1s Utilizados<\/span><\/h4>\r\n        <\/a>\r\n                                              <div class=\"ui-e-post-text\">Los Incoterms, o t\u00e9rminos internacionales de comercio, son reglas fundamentales establecidas por la C\u00e1mara de Comercio Internacional (ICC) que definen las responsabilidades y obligaciones de compradores y vendedores en transacciones comerciales internacionales. Desde el popular Fereda Solutions (Ex Works), donde el vendedor entrega la mercanc\u00eda en sus instalaciones, hasta el Fereda Solutions (Delivered Duty Paid),&hellip;<\/div>                                                <a href=\"https:\/\/feredasolutions.com\/en\/una-guia-completa-sobre-los-incoterms-mas-utilizados\/\" class=\"elementor-button-link elementor-button\" role=\"button\">\r\n            <span class=\"elementor-button-content-wrapper\"><span class=\"elementor-button-icon elementor-align-icon-right\"><i aria-hidden=\"true\" class=\"ti ti-arrow-top-right\"><\/i><\/span><span class=\"elementor-button-text\">Read More<\/span><\/span>        <\/a>\r\n                        <\/div>\r\n            <\/article>\r\n        <\/div>\r\n                <\/div>\r\n        \t\t<\/div>\n\t\t\t\t<\/div>\n\t\t\t\t\t<\/div>\n\t\t<\/div>\n\t\t\t\t\t<\/div>\n\t\t<\/div>\n\t\t\t\t<\/div>","protected":false},"excerpt":{"rendered":"<p>\u00daltimos Art\u00edculos Para estar actualizado de las \u00faltimas tendencias aduaneras. Para conocer las normativas de Incoterms. Para sacarle el m\u00e1ximo partido a [&hellip;]<\/p>","protected":false},"author":1,"featured_media":0,"parent":0,"menu_order":0,"comment_status":"closed","ping_status":"closed","template":"","meta":{"footnotes":""},"yoast_head":"<!-- This site is optimized with the Yoast SEO plugin v22.1 - https:\/\/yoast.com\/wordpress\/plugins\/seo\/ -->\n<title>Blog | Fereda Solutions<\/title>\n<meta name=\"robots\" content=\"index, follow, max-snippet:-1, max-image-preview:large, max-video-preview:-1\" \/>\n<link rel=\"canonical\" href=\"https:\/\/feredasolutions.com\/en\/blog\/\" \/>\n<meta property=\"og:locale\" content=\"en_US\" \/>\n<meta property=\"og:type\" content=\"article\" \/>\n<meta property=\"og:title\" content=\"Blog | Fereda Solutions\" \/>\n<meta property=\"og:description\" content=\"\u00daltimos Art\u00edculos Para estar actualizado de las \u00faltimas tendencias aduaneras. Para conocer las normativas de Incoterms. Para sacarle el m\u00e1ximo partido a [&hellip;]\" \/>\n<meta property=\"og:url\" content=\"https:\/\/feredasolutions.com\/en\/blog\/\" \/>\n<meta property=\"og:site_name\" content=\"Fereda Solutions\" \/>\n<meta property=\"article:modified_time\" content=\"2024-03-02T06:12:20+00:00\" \/>\n<meta property=\"og:image\" content=\"https:\/\/feredasolutions.com\/wp-content\/uploads\/2024\/03\/Fereda-Solutions.webp\" \/>\n\t<meta property=\"og:image:width\" content=\"1200\" \/>\n\t<meta property=\"og:image:height\" content=\"675\" \/>\n\t<meta property=\"og:image:type\" content=\"image\/webp\" \/>\n<meta name=\"twitter:card\" content=\"summary_large_image\" \/>\n<meta name=\"twitter:label1\" content=\"Est. reading time\" \/>\n\t<meta name=\"twitter:data1\" content=\"1 minute\" \/>\n<script type=\"application\/ld+json\" class=\"yoast-schema-graph\">{\"@context\":\"https:\/\/schema.org\",\"@graph\":[{\"@type\":\"WebPage\",\"@id\":\"https:\/\/feredasolutions.com\/blog\/\",\"url\":\"https:\/\/feredasolutions.com\/blog\/\",\"name\":\"Blog | Fereda Solutions\",\"isPartOf\":{\"@id\":\"https:\/\/feredasolutions.com\/#website\"},\"datePublished\":\"2024-03-02T06:04:25+00:00\",\"dateModified\":\"2024-03-02T06:12:20+00:00\",\"breadcrumb\":{\"@id\":\"https:\/\/feredasolutions.com\/blog\/#breadcrumb\"},\"inLanguage\":\"en-US\",\"potentialAction\":[{\"@type\":\"ReadAction\",\"target\":[\"https:\/\/feredasolutions.com\/blog\/\"]}]},{\"@type\":\"BreadcrumbList\",\"@id\":\"https:\/\/feredasolutions.com\/blog\/#breadcrumb\",\"itemListElement\":[{\"@type\":\"ListItem\",\"position\":1,\"name\":\"Home\",\"item\":\"https:\/\/feredasolutions.com\/\"},{\"@type\":\"ListItem\",\"position\":2,\"name\":\"Blog\"}]},{\"@type\":\"WebSite\",\"@id\":\"https:\/\/feredasolutions.com\/#website\",\"url\":\"https:\/\/feredasolutions.com\/\",\"name\":\"Fereda Solutions\",\"description\":\"Agencia de importaci\u00f3n, exportaci\u00f3n y comercializaci\u00f3n\",\"publisher\":{\"@id\":\"https:\/\/feredasolutions.com\/#organization\"},\"alternateName\":\"Fereda\",\"potentialAction\":[{\"@type\":\"SearchAction\",\"target\":{\"@type\":\"EntryPoint\",\"urlTemplate\":\"https:\/\/feredasolutions.com\/?s={search_term_string}\"},\"query-input\":\"required name=search_term_string\"}],\"inLanguage\":\"en-US\"},{\"@type\":\"Organization\",\"@id\":\"https:\/\/feredasolutions.com\/#organization\",\"name\":\"Fereda Solutions\",\"alternateName\":\"Fereda\",\"url\":\"https:\/\/feredasolutions.com\/\",\"logo\":{\"@type\":\"ImageObject\",\"inLanguage\":\"en-US\",\"@id\":\"https:\/\/feredasolutions.com\/#\/schema\/logo\/image\/\",\"url\":\"https:\/\/feredasolutions.com\/wp-content\/uploads\/2024\/02\/Fereda-Logo-1.png\",\"contentUrl\":\"https:\/\/feredasolutions.com\/wp-content\/uploads\/2024\/02\/Fereda-Logo-1.png\",\"width\":1001,\"height\":203,\"caption\":\"Fereda Solutions\"},\"image\":{\"@id\":\"https:\/\/feredasolutions.com\/#\/schema\/logo\/image\/\"}}]}<\/script>\n<!-- \/ Yoast SEO plugin. -->","yoast_head_json":{"title":"Blog | Fereda Solutions","robots":{"index":"index","follow":"follow","max-snippet":"max-snippet:-1","max-image-preview":"max-image-preview:large","max-video-preview":"max-video-preview:-1"},"canonical":"https:\/\/feredasolutions.com\/en\/blog\/","og_locale":"en_US","og_type":"article","og_title":"Blog | Fereda Solutions","og_description":"\u00daltimos Art\u00edculos Para estar actualizado de las \u00faltimas tendencias aduaneras. Para conocer las normativas de Incoterms. Para sacarle el m\u00e1ximo partido a [&hellip;]","og_url":"https:\/\/feredasolutions.com\/en\/blog\/","og_site_name":"Fereda Solutions","article_modified_time":"2024-03-02T06:12:20+00:00","og_image":[{"width":1200,"height":675,"url":"https:\/\/feredasolutions.com\/wp-content\/uploads\/2024\/03\/Fereda-Solutions.webp","type":"image\/webp"}],"twitter_card":"summary_large_image","twitter_misc":{"Est. reading time":"1 minute"},"schema":{"@context":"https:\/\/schema.org","@graph":[{"@type":"WebPage","@id":"https:\/\/feredasolutions.com\/blog\/","url":"https:\/\/feredasolutions.com\/blog\/","name":"Blog | Fereda Solutions","isPartOf":{"@id":"https:\/\/feredasolutions.com\/#website"},"datePublished":"2024-03-02T06:04:25+00:00","dateModified":"2024-03-02T06:12:20+00:00","breadcrumb":{"@id":"https:\/\/feredasolutions.com\/blog\/#breadcrumb"},"inLanguage":"en-US","potentialAction":[{"@type":"ReadAction","target":["https:\/\/feredasolutions.com\/blog\/"]}]},{"@type":"BreadcrumbList","@id":"https:\/\/feredasolutions.com\/blog\/#breadcrumb","itemListElement":[{"@type":"ListItem","position":1,"name":"Home","item":"https:\/\/feredasolutions.com\/"},{"@type":"ListItem","position":2,"name":"Blog"}]},{"@type":"WebSite","@id":"https:\/\/feredasolutions.com\/#website","url":"https:\/\/feredasolutions.com\/","name":"Fereda Solutions","description":"Agencia de importaci\u00f3n, exportaci\u00f3n y comercializaci\u00f3n","publisher":{"@id":"https:\/\/feredasolutions.com\/#organization"},"alternateName":"Fereda","potentialAction":[{"@type":"SearchAction","target":{"@type":"EntryPoint","urlTemplate":"https:\/\/feredasolutions.com\/?s={search_term_string}"},"query-input":"required name=search_term_string"}],"inLanguage":"en-US"},{"@type":"Organization","@id":"https:\/\/feredasolutions.com\/#organization","name":"Fereda Solutions","alternateName":"Fereda","url":"https:\/\/feredasolutions.com\/","logo":{"@type":"ImageObject","inLanguage":"en-US","@id":"https:\/\/feredasolutions.com\/#\/schema\/logo\/image\/","url":"https:\/\/feredasolutions.com\/wp-content\/uploads\/2024\/02\/Fereda-Logo-1.png","contentUrl":"https:\/\/feredasolutions.com\/wp-content\/uploads\/2024\/02\/Fereda-Logo-1.png","width":1001,"height":203,"caption":"Fereda Solutions"},"image":{"@id":"https:\/\/feredasolutions.com\/#\/schema\/logo\/image\/"}}]}},"_links":{"self":[{"href":"https:\/\/feredasolutions.com\/en\/wp-json\/wp\/v2\/pages\/1045"}],"collection":[{"href":"https:\/\/feredasolutions.com\/en\/wp-json\/wp\/v2\/pages"}],"about":[{"href":"https:\/\/feredasolutions.com\/en\/wp-json\/wp\/v2\/types\/page"}],"author":[{"embeddable":true,"href":"https:\/\/feredasolutions.com\/en\/wp-json\/wp\/v2\/users\/1"}],"replies":[{"embeddable":true,"href":"https:\/\/feredasolutions.com\/en\/wp-json\/wp\/v2\/comments?post=1045"}],"version-history":[{"count":14,"href":"https:\/\/feredasolutions.com\/en\/wp-json\/wp\/v2\/pages\/1045\/revisions"}],"predecessor-version":[{"id":1059,"href":"https:\/\/feredasolutions.com\/en\/wp-json\/wp\/v2\/pages\/1045\/revisions\/1059"}],"wp:attachment":[{"href":"https:\/\/feredasolutions.com\/en\/wp-json\/wp\/v2\/media?parent=1045"}],"curies":[{"name":"wp","href":"https:\/\/api.w.org\/{rel}","templated":true}]}}